{"id":9678,"date":"2018-10-16T10:55:37","date_gmt":"2018-10-16T10:55:37","guid":{"rendered":"https:\/\/www.pzujurukovski.mk\/?page_id=9678"},"modified":"2018-10-31T12:30:22","modified_gmt":"2018-10-31T12:30:22","slug":"krenaria-jone","status":"publish","type":"page","link":"https:\/\/www.pzujurukovski.mk\/sq\/krenaria-jone\/","title":{"rendered":"Krenaria jon\u00eb"},"content":{"rendered":"<p>[vc_row][vc_column]<div class=\"dt-sc-title  title-center  sep-top dt-sc-simple-title \"><h2>Foshnjat e bukura<\/h2><\/div>[vc_empty_space][\/vc_column][\/vc_row][vc_row][vc_column width=&#8221;1\/4&#8243;][vc_single_image image=&#8221;9869&#8243; img_size=&#8221;medium&#8221; style=&#8221;vc_box_rounded&#8221; onclick=&#8221;link_image&#8221;][\/vc_column][vc_column width=&#8221;1\/4&#8243;][vc_single_image image=&#8221;9304&#8243; img_size=&#8221;medium&#8221; style=&#8221;vc_box_rounded&#8221; onclick=&#8221;link_image&#8221;][\/vc_column][vc_column width=&#8221;1\/4&#8243;][vc_single_image image=&#8221;9866&#8243; img_size=&#8221;medium&#8221; style=&#8221;vc_box_rounded&#8221; onclick=&#8221;link_image&#8221;][\/vc_column][vc_column width=&#8221;1\/4&#8243;][vc_single_image image=&#8221;9307&#8243; img_size=&#8221;medium&#8221; style=&#8221;vc_box_rounded&#8221; onclick=&#8221;link_image&#8221;][\/vc_column][\/vc_row][vc_row][vc_column width=&#8221;1\/3&#8243;][vc_single_image image=&#8221;9298&#8243; img_size=&#8221;medium&#8221; style=&#8221;vc_box_rounded&#8221; onclick=&#8221;link_image&#8221;][\/vc_column][vc_column width=&#8221;1\/3&#8243;][vc_single_image image=&#8221;9289&#8243; img_size=&#8221;medium&#8221; style=&#8221;vc_box_rounded&#8221; onclick=&#8221;link_image&#8221;][\/vc_column][vc_column width=&#8221;1\/3&#8243;][vc_single_image image=&#8221;9301&#8243; img_size=&#8221;medium&#8221; style=&#8221;vc_box_rounded&#8221; onclick=&#8221;link_image&#8221;][\/vc_column][\/vc_row][vc_row css=&#8221;.vc_custom_1540987237041{background-color: #f4f4f4 !important;border-radius: 1px !important;}&#8221;][vc_column][vc_empty_space]<div class=\"dt-sc-title  title-center  sep-top dt-sc-simple-title \"><h2>Mesazhe t\u00eb bukura nga pacient\u00ebt tan\u00eb<\/h2><\/div>[vc_empty_space][\/vc_column][\/vc_row][vc_row css=&#8221;.vc_custom_1540987243688{background-color: #f4f4f4 !important;}&#8221;][vc_column width=&#8221;1\/4&#8243;][vc_single_image image=&#8221;9310&#8243; img_size=&#8221;medium&#8221; style=&#8221;vc_box_outline_circle_2&#8243; border_color=&#8221;purple&#8221; onclick=&#8221;link_image&#8221;][\/vc_column][vc_column width=&#8221;1\/4&#8243;][vc_single_image image=&#8221;9292&#8243; img_size=&#8221;medium&#8221; style=&#8221;vc_box_outline_circle_2&#8243; border_color=&#8221;purple&#8221; onclick=&#8221;link_image&#8221;][\/vc_column][vc_column width=&#8221;1\/4&#8243;][vc_single_image image=&#8221;9569&#8243; img_size=&#8221;large&#8221; style=&#8221;vc_box_outline_circle_2&#8243; border_color=&#8221;purple&#8221; onclick=&#8221;link_image&#8221;][\/vc_column][vc_column width=&#8221;1\/4&#8243;][vc_single_image image=&#8221;9566&#8243; img_size=&#8221;medium&#8221; style=&#8221;vc_box_outline_circle_2&#8243; border_color=&#8221;purple&#8221; onclick=&#8221;link_image&#8221;][\/vc_column][\/vc_row][vc_row css=&#8221;.vc_custom_1540987251597{background-color: #f4f4f4 !important;}&#8221;][vc_column width=&#8221;1\/4&#8243;][vc_single_image image=&#8221;9572&#8243; img_size=&#8221;medium&#8221; style=&#8221;vc_box_outline_circle_2&#8243; border_color=&#8221;purple&#8221; onclick=&#8221;link_image&#8221;][\/vc_column][vc_column width=&#8221;1\/4&#8243;][vc_single_image image=&#8221;9575&#8243; img_size=&#8221;medium&#8221; style=&#8221;vc_box_outline_circle_2&#8243; border_color=&#8221;purple&#8221; onclick=&#8221;link_image&#8221;][\/vc_column][vc_column width=&#8221;1\/4&#8243;][vc_single_image image=&#8221;9581&#8243; img_size=&#8221;medium&#8221; style=&#8221;vc_box_outline_circle_2&#8243; border_color=&#8221;purple&#8221; onclick=&#8221;link_image&#8221;][\/vc_column][vc_column width=&#8221;1\/4&#8243;][vc_single_image image=&#8221;9584&#8243; img_size=&#8221;medium&#8221; style=&#8221;vc_box_outline_circle_2&#8243; border_color=&#8221;purple&#8221; onclick=&#8221;link_image&#8221;][\/vc_column][\/vc_row]<\/p>\n","protected":false},"excerpt":{"rendered":"<p>[vc_row][vc_column][vc_empty_space][\/vc_column][\/vc_row][vc_row][vc_column width=&#8221;1\/4&#8243;][vc_single_image image=&#8221;9869&#8243; img_size=&#8221;medium&#8221; style=&#8221;vc_box_rounded&#8221; onclick=&#8221;link_image&#8221;][\/vc_column][vc_column width=&#8221;1\/4&#8243;][vc_single_image image=&#8221;9304&#8243; img_size=&#8221;medium&#8221; style=&#8221;vc_box_rounded&#8221; onclick=&#8221;link_image&#8221;][\/vc_column][vc_column width=&#8221;1\/4&#8243;][vc_single_image image=&#8221;9866&#8243; img_size=&#8221;medium&#8221; style=&#8221;vc_box_rounded&#8221; onclick=&#8221;link_image&#8221;][\/vc_column][vc_column width=&#8221;1\/4&#8243;][vc_single_image image=&#8221;9307&#8243; img_size=&#8221;medium&#8221; style=&#8221;vc_box_rounded&#8221; onclick=&#8221;link_image&#8221;][\/vc_column][\/vc_row][vc_row][vc_column width=&#8221;1\/3&#8243;][vc_single_image image=&#8221;9298&#8243; img_size=&#8221;medium&#8221; style=&#8221;vc_box_rounded&#8221; onclick=&#8221;link_image&#8221;][\/vc_column][vc_column width=&#8221;1\/3&#8243;][vc_single_image image=&#8221;9289&#8243; img_size=&#8221;medium&#8221; style=&#8221;vc_box_rounded&#8221; onclick=&#8221;link_image&#8221;][\/vc_column][vc_column width=&#8221;1\/3&#8243;][vc_single_image image=&#8221;9301&#8243; img_size=&#8221;medium&#8221; style=&#8221;vc_box_rounded&#8221; onclick=&#8221;link_image&#8221;][\/vc_column][\/vc_row][vc_row css=&#8221;.vc_custom_1540987237041{background-color: #f4f4f4 !important;border-radius: 1px !important;}&#8221;][vc_column][vc_empty_space][vc_empty_space][\/vc_column][\/vc_row][vc_row css=&#8221;.vc_custom_1540987243688{background-color: #f4f4f4 !important;}&#8221;][vc_column width=&#8221;1\/4&#8243;][vc_single_image image=&#8221;9310&#8243; img_size=&#8221;medium&#8221; style=&#8221;vc_box_outline_circle_2&#8243; border_color=&#8221;purple&#8221; onclick=&#8221;link_image&#8221;][\/vc_column][vc_column width=&#8221;1\/4&#8243;][vc_single_image image=&#8221;9292&#8243; img_size=&#8221;medium&#8221; style=&#8221;vc_box_outline_circle_2&#8243; border_color=&#8221;purple&#8221; [&hellip;]<\/p>\n","protected":false},"author":1,"featured_media":0,"parent":0,"menu_order":0,"comment_status":"closed","ping_status":"closed","template":"","meta":[],"_links":{"self":[{"href":"https:\/\/www.pzujurukovski.mk\/sq\/wp-json\/wp\/v2\/pages\/9678"}],"collection":[{"href":"https:\/\/www.pzujurukovski.mk\/sq\/wp-json\/wp\/v2\/pages"}],"about":[{"href":"https:\/\/www.pzujurukovski.mk\/sq\/wp-json\/wp\/v2\/types\/page"}],"author":[{"embeddable":true,"href":"https:\/\/www.pzujurukovski.mk\/sq\/wp-json\/wp\/v2\/users\/1"}],"replies":[{"embeddable":true,"href":"https:\/\/www.pzujurukovski.mk\/sq\/wp-json\/wp\/v2\/comments?post=9678"}],"version-history":[{"count":5,"href":"https:\/\/www.pzujurukovski.mk\/sq\/wp-json\/wp\/v2\/pages\/9678\/revisions"}],"predecessor-version":[{"id":9973,"href":"https:\/\/www.pzujurukovski.mk\/sq\/wp-json\/wp\/v2\/pages\/9678\/revisions\/9973"}],"wp:attachment":[{"href":"https:\/\/www.pzujurukovski.mk\/sq\/wp-json\/wp\/v2\/media?parent=9678"}],"curies":[{"name":"wp","href":"https:\/\/api.w.org\/{rel}","templated":true}]}}