{"id":9661,"date":"2018-10-16T10:40:41","date_gmt":"2018-10-16T10:40:41","guid":{"rendered":"https:\/\/www.pzujurukovski.mk\/?page_id=9661"},"modified":"2019-12-09T11:17:21","modified_gmt":"2019-12-09T11:17:21","slug":"kontaktoni","status":"publish","type":"page","link":"https:\/\/www.pzujurukovski.mk\/sq\/kontaktoni\/","title":{"rendered":"Kontakt"},"content":{"rendered":"<p>[vc_row][vc_column width=&#8221;2\/3&#8243;][vc_gmaps link=&#8221;#E-8_JTNDaWZyYW1lJTIwc3JjJTNEJTIyaHR0cHMlM0ElMkYlMkZ3d3cuZ29vZ2xlLmNvbSUyRm1hcHMlMkZlbWJlZCUzRnBiJTNEJTIxMW0xOCUyMTFtMTIlMjExbTMlMjExZDI5NjUuMDI1Nzg1MDcwNDQ3JTIxMmQyMS4zOTU1MDMzMTUyMTg4OTIlMjEzZDQxLjk5OTcyMjE2NTc3MzY3JTIxMm0zJTIxMWYwJTIxMmYwJTIxM2YwJTIxM20yJTIxMWkxMDI0JTIxMmk3NjglMjE0ZjEzLjElMjEzbTMlMjExbTIlMjExczB4MTM1NDE0NmNlYjEzYjMzYiUyNTNBMHhjMjUxY2ViOWI2ODE4NjA2JTIxMnNCdWt1cmVzaGthJTJCODElMjUyQyUyQlNrb3BqZSUyQjEwMDAlMjE1ZTAlMjEzbTIlMjExc2VuJTIxMnNtayUyMTR2MTUzODQ4NDc3MzQxNyUyMiUyMHdpZHRoJTNEJTIyNjAwJTIyJTIwaGVpZ2h0JTNEJTIyNDUwJTIyJTIwZnJhbWVib3JkZXIlM0QlMjIwJTIyJTIwc3R5bGUlM0QlMjJib3JkZXIlM0EwJTIyJTIwYWxsb3dmdWxsc2NyZWVuJTNFJTNDJTJGaWZyYW1lJTNF&#8221;][\/vc_column][vc_column width=&#8221;1\/3&#8243;]<div class='dt-sc-small-separator '><\/div><h2>KontaktoniI shba<\/h2><div class='dt-sc-hr-invisible-xsmall '> <\/div><div class='dt-sc-contact-info  '><span class='pe-icon pe-call'> <\/span>0038970273903 <br><\/div><div class='dt-sc-single-line-dashed-separator '><\/div><div class='dt-sc-contact-info  '><span class='pe-icon pe-mail'> <\/span>grunevska@gmail.com<\/div><div class='dt-sc-single-line-dashed-separator '><\/div><div class='dt-sc-contact-info  '><span class='pe-icon pe-map-marker'> <\/span>Bukureshka 81, Skopje 1000<\/div><div class='dt-sc-single-line-dashed-separator '><\/div><div class='dt-sc-contact-info  '><span class='icon icon-timer'> <\/span>T\u00eb h\u00ebn\u00ebn dhe \u0435 m\u00ebrkur\u00eb ora 12-20\u00a0 <br> E mart\u00eb dhe e enjte ora 8-16 <br> \u0415 premte ora 16-20 <br> \u0415 shtun\u00eb ora 9-13<\/div>[\/vc_column][\/vc_row]<\/p>\n","protected":false},"excerpt":{"rendered":"<p>[vc_row][vc_column width=&#8221;2\/3&#8243;][vc_gmaps link=&#8221;#E-8_JTNDaWZyYW1lJTIwc3JjJTNEJTIyaHR0cHMlM0ElMkYlMkZ3d3cuZ29vZ2xlLmNvbSUyRm1hcHMlMkZlbWJlZCUzRnBiJTNEJTIxMW0xOCUyMTFtMTIlMjExbTMlMjExZDI5NjUuMDI1Nzg1MDcwNDQ3JTIxMmQyMS4zOTU1MDMzMTUyMTg4OTIlMjEzZDQxLjk5OTcyMjE2NTc3MzY3JTIxMm0zJTIxMWYwJTIxMmYwJTIxM2YwJTIxM20yJTIxMWkxMDI0JTIxMmk3NjglMjE0ZjEzLjElMjEzbTMlMjExbTIlMjExczB4MTM1NDE0NmNlYjEzYjMzYiUyNTNBMHhjMjUxY2ViOWI2ODE4NjA2JTIxMnNCdWt1cmVzaGthJTJCODElMjUyQyUyQlNrb3BqZSUyQjEwMDAlMjE1ZTAlMjEzbTIlMjExc2VuJTIxMnNtayUyMTR2MTUzODQ4NDc3MzQxNyUyMiUyMHdpZHRoJTNEJTIyNjAwJTIyJTIwaGVpZ2h0JTNEJTIyNDUwJTIyJTIwZnJhbWVib3JkZXIlM0QlMjIwJTIyJTIwc3R5bGUlM0QlMjJib3JkZXIlM0EwJTIyJTIwYWxsb3dmdWxsc2NyZWVuJTNFJTNDJTJGaWZyYW1lJTNF&#8221;][\/vc_column][vc_column width=&#8221;1\/3&#8243;][\/vc_column][\/vc_row]<\/p>\n","protected":false},"author":1,"featured_media":0,"parent":0,"menu_order":0,"comment_status":"open","ping_status":"open","template":"","meta":[],"_links":{"self":[{"href":"https:\/\/www.pzujurukovski.mk\/sq\/wp-json\/wp\/v2\/pages\/9661"}],"collection":[{"href":"https:\/\/www.pzujurukovski.mk\/sq\/wp-json\/wp\/v2\/pages"}],"about":[{"href":"https:\/\/www.pzujurukovski.mk\/sq\/wp-json\/wp\/v2\/types\/page"}],"author":[{"embeddable":true,"href":"https:\/\/www.pzujurukovski.mk\/sq\/wp-json\/wp\/v2\/users\/1"}],"replies":[{"embeddable":true,"href":"https:\/\/www.pzujurukovski.mk\/sq\/wp-json\/wp\/v2\/comments?post=9661"}],"version-history":[{"count":8,"href":"https:\/\/www.pzujurukovski.mk\/sq\/wp-json\/wp\/v2\/pages\/9661\/revisions"}],"predecessor-version":[{"id":10121,"href":"https:\/\/www.pzujurukovski.mk\/sq\/wp-json\/wp\/v2\/pages\/9661\/revisions\/10121"}],"wp:attachment":[{"href":"https:\/\/www.pzujurukovski.mk\/sq\/wp-json\/wp\/v2\/media?parent=9661"}],"curies":[{"name":"wp","href":"https:\/\/api.w.org\/{rel}","templated":true}]}}