{"id":9655,"date":"2018-10-16T10:37:58","date_gmt":"2018-10-16T10:37:58","guid":{"rendered":"https:\/\/www.pzujurukovski.mk\/?page_id=9655"},"modified":"2018-10-30T10:03:10","modified_gmt":"2018-10-30T10:03:10","slug":"tema-aktuale","status":"publish","type":"page","link":"https:\/\/www.pzujurukovski.mk\/sq\/tema-aktuale\/","title":{"rendered":"TEMA AKTUALE"},"content":{"rendered":"<p>[vc_row][vc_column]<div class=\"dt-sc-title     with-desc \"><h2>Temat e R\u00ebnd\u00ebsishme<\/h2><h3>P\u00ebrve\u00e7 k\u00ebsaj, disa tema q\u00eb jan\u00eb pjes\u00eb e specializimit ton\u00eb.<\/h3><\/div>[\/vc_column][\/vc_row][vc_row][vc_column][vc_empty_space height=&#8221;70px&#8221;][\/vc_column][\/vc_row][vc_row][vc_column]<div class='tpl-blog-holder apply-isotope'><div class='column dt-sc-one-half first'><article id=\"post-9652\" class=\"blog-entry entry-date-left post-9652 post type-post status-publish format-standard has-post-thumbnail hentry category-uncategorized-sq\"><div class=\"entry-thumb\">\t<a href=\"https:\/\/www.pzujurukovski.mk\/sq\/histeroskopia-hsc\/\"><img width=\"1200\" height=\"628\" src=\"https:\/\/www.pzujurukovski.mk\/wp-content\/uploads\/2018\/09\/b4.jpg\" class=\"attachment-full size-full wp-post-image\" alt=\"\" loading=\"lazy\" srcset=\"https:\/\/www.pzujurukovski.mk\/wp-content\/uploads\/2018\/09\/b4.jpg 1200w, https:\/\/www.pzujurukovski.mk\/wp-content\/uploads\/2018\/09\/b4-300x157.jpg 300w, https:\/\/www.pzujurukovski.mk\/wp-content\/uploads\/2018\/09\/b4-768x402.jpg 768w, https:\/\/www.pzujurukovski.mk\/wp-content\/uploads\/2018\/09\/b4-1024x536.jpg 1024w\" sizes=\"(max-width: 1200px) 100vw, 1200px\" \/><\/a>\t<div class=\"entry-format \">\t\t<a class=\"ico-format\" href=\"\"><\/a>\t<\/div><\/div><div class=\"entry-details \">\t<div class=\"entry-date\">\t\t<div class=\"\">16<span>Oct<\/span>\t\t<\/div>\t\t<div class=\"comments hidden\"><a class=\"comments\" href=\"https:\/\/www.pzujurukovski.mk\/sq\/histeroskopia-hsc\/\/#respond\">\t<i class=\"pe-icon pe-chat\"><\/i>0 <\/a>\t\t<\/div>\t<\/div>\t<div class=\"entry-title\">\t\t<h4><a href=\"https:\/\/www.pzujurukovski.mk\/sq\/histeroskopia-hsc\/\">HISTEROSKOPIA (HSC)<\/a><\/h4>\t<\/div><div class=\"entry-body\"><p>Histeroskopia \u00ebsht\u00eb metod\u00eb operative e cila zhvillohet me q\u00ebllim t\u00eb vendosjes s\u00eb diagnoz\u00ebs dhe terapis\u00eb. \u00a0Q\u00ebllimi \u00ebsht\u00eb inspektimi i brend\u00ebsis\u00eb s\u00eb mitr\u00ebs me ndihm\u00ebn e instrumentit t\u00eb quajtur histeroskop i cili n\u00ebp\u00ebrmjet cerviksit futet n\u00eb brend\u00ebsin\u00eb e mitr\u00ebs. \u00a0M\u00eb...<\/p><\/div>\t<div class=\"entry-meta-data \">\t\t<p class=\"author hidden\">\t\t\t<i class=\"pe-icon pe-user\"> <\/i>\t\t\t<a href=\"https:\/\/www.pzujurukovski.mk\/sq\/author\/pageland\/\">pageland<\/a>\t\t<\/p><p class=\"category \">\t<i class=\"pe-icon pe-network\"> <\/i><a href=\"https:\/\/www.pzujurukovski.mk\/sq\/category\/uncategorized-sq\/\">Uncategorized @sq<\/a><\/p>\t<\/div><a href=\"https:\/\/www.pzujurukovski.mk\/sq\/histeroskopia-hsc\/\" target='_self' title='' class='dt-sc-button   small icon-right with-icon  filled  type1' >Lexo m\u00eb shum\u00eb <\/a><\/div><\/article><\/div><div class='column dt-sc-one-half'><article id=\"post-9649\" class=\"blog-entry entry-date-left post-9649 post type-post status-publish format-standard has-post-thumbnail hentry category-uncategorized-sq\"><div class=\"entry-thumb\">\t<a href=\"https:\/\/www.pzujurukovski.mk\/sq\/abnormalitete-te-mitres-dhe-fertilitet-sterilitet\/\"><img width=\"1200\" height=\"628\" src=\"https:\/\/www.pzujurukovski.mk\/wp-content\/uploads\/2018\/09\/b2-1.jpg\" class=\"attachment-full size-full wp-post-image\" alt=\"\" loading=\"lazy\" srcset=\"https:\/\/www.pzujurukovski.mk\/wp-content\/uploads\/2018\/09\/b2-1.jpg 1200w, https:\/\/www.pzujurukovski.mk\/wp-content\/uploads\/2018\/09\/b2-1-300x157.jpg 300w, https:\/\/www.pzujurukovski.mk\/wp-content\/uploads\/2018\/09\/b2-1-768x402.jpg 768w, https:\/\/www.pzujurukovski.mk\/wp-content\/uploads\/2018\/09\/b2-1-1024x536.jpg 1024w\" sizes=\"(max-width: 1200px) 100vw, 1200px\" \/><\/a>\t<div class=\"entry-format \">\t\t<a class=\"ico-format\" href=\"\"><\/a>\t<\/div><\/div><div class=\"entry-details \">\t<div class=\"entry-date\">\t\t<div class=\"\">16<span>Oct<\/span>\t\t<\/div>\t\t<div class=\"comments hidden\"><a class=\"comments\" href=\"https:\/\/www.pzujurukovski.mk\/sq\/abnormalitete-te-mitres-dhe-fertilitet-sterilitet\/\/#respond\">\t<i class=\"pe-icon pe-chat\"><\/i>0 <\/a>\t\t<\/div>\t<\/div>\t<div class=\"entry-title\">\t\t<h4><a href=\"https:\/\/www.pzujurukovski.mk\/sq\/abnormalitete-te-mitres-dhe-fertilitet-sterilitet\/\">ABNORMALITETE T\u00cb MITR\u00cbS DHE FERTILITET \/ STERILITET<\/a><\/h4>\t<\/div><div class=\"entry-body\"><p>\u00c7far\u00eb do t\u00eb thot\u00eb mit\u00ebr normale? Mitra (uteri) \u00ebsht\u00eb organ me form\u00eb t\u00eb dardh\u00ebs dhe gjendet n\u00eb legenin (pelvisin) e femr\u00ebs. \u00a0\u00cbsht\u00eb me gjat\u00ebsi rreth 7,7 cm e gjer\u00eb 5 cm dhe e thell\u00eb 2,5- 3 cm. \u00a0Nj\u00eb e...<\/p><\/div>\t<div class=\"entry-meta-data \">\t\t<p class=\"author hidden\">\t\t\t<i class=\"pe-icon pe-user\"> <\/i>\t\t\t<a href=\"https:\/\/www.pzujurukovski.mk\/sq\/author\/pageland\/\">pageland<\/a>\t\t<\/p><p class=\"category \">\t<i class=\"pe-icon pe-network\"> <\/i><a href=\"https:\/\/www.pzujurukovski.mk\/sq\/category\/uncategorized-sq\/\">Uncategorized @sq<\/a><\/p>\t<\/div><a href=\"https:\/\/www.pzujurukovski.mk\/sq\/abnormalitete-te-mitres-dhe-fertilitet-sterilitet\/\" target='_self' title='' class='dt-sc-button   small icon-right with-icon  filled  type1' >Lexo m\u00eb shum\u00eb <\/a><\/div><\/article><\/div><div class='column dt-sc-one-half first'><article id=\"post-9646\" class=\"blog-entry entry-date-left post-9646 post type-post status-publish format-standard has-post-thumbnail hentry\"><div class=\"entry-thumb\">\t<a href=\"https:\/\/www.pzujurukovski.mk\/sq\/diabeti-gestacional-gestational-diabetes-mellitus\/\"><img width=\"1200\" height=\"628\" src=\"https:\/\/www.pzujurukovski.mk\/wp-content\/uploads\/2018\/09\/b3.jpg\" class=\"attachment-full size-full wp-post-image\" alt=\"\" loading=\"lazy\" srcset=\"https:\/\/www.pzujurukovski.mk\/wp-content\/uploads\/2018\/09\/b3.jpg 1200w, https:\/\/www.pzujurukovski.mk\/wp-content\/uploads\/2018\/09\/b3-300x157.jpg 300w, https:\/\/www.pzujurukovski.mk\/wp-content\/uploads\/2018\/09\/b3-768x402.jpg 768w, https:\/\/www.pzujurukovski.mk\/wp-content\/uploads\/2018\/09\/b3-1024x536.jpg 1024w\" sizes=\"(max-width: 1200px) 100vw, 1200px\" \/><\/a>\t<div class=\"entry-format \">\t\t<a class=\"ico-format\" href=\"\"><\/a>\t<\/div><\/div><div class=\"entry-details \">\t<div class=\"entry-date\">\t\t<div class=\"\">16<span>Oct<\/span>\t\t<\/div>\t\t<div class=\"comments hidden\"><a class=\"comments\" href=\"https:\/\/www.pzujurukovski.mk\/sq\/diabeti-gestacional-gestational-diabetes-mellitus\/\/#respond\">\t<i class=\"pe-icon pe-chat\"><\/i>0 <\/a>\t\t<\/div>\t<\/div>\t<div class=\"entry-title\">\t\t<h4><a href=\"https:\/\/www.pzujurukovski.mk\/sq\/diabeti-gestacional-gestational-diabetes-mellitus\/\">DIABETI GESTACIONAL (gestational diabetes mellitus)<\/a><\/h4>\t<\/div><div class=\"entry-body\"><p>Paraqitet vet\u00eb gjat\u00eb shtatz\u00ebnis\u00eb dhe \u00ebsht\u00eb i p\u00ebrkohsh\u00ebm. \u00a0N\u00eb k\u00ebt\u00eb gjendje shtatz\u00ebna ka nivel t\u00eb rritur t\u00eb sheqerit n\u00eb gjak. \u00a0Shtatz\u00ebnia konsiderohet me rrezik t\u00eb lart\u00eb dhe si e till\u00eb duhet t\u00eb ndiqet nga akusher me p\u00ebrvoj\u00eb dhe endokrinolog...<\/p><\/div>\t<div class=\"entry-meta-data \">\t\t<p class=\"author hidden\">\t\t\t<i class=\"pe-icon pe-user\"> <\/i>\t\t\t<a href=\"https:\/\/www.pzujurukovski.mk\/sq\/author\/pageland\/\">pageland<\/a>\t\t<\/p><p class=\"category \">\t<i class=\"pe-icon pe-network\"> <\/i><a href=\"https:\/\/www.pzujurukovski.mk\/sq\/category\/uncategorized-sq\/\">Uncategorized @sq<\/a><\/p>\t<\/div><a href=\"https:\/\/www.pzujurukovski.mk\/sq\/diabeti-gestacional-gestational-diabetes-mellitus\/\" target='_self' title='' class='dt-sc-button   small icon-right with-icon  filled  type1' >Lexo m\u00eb shum\u00eb <\/a><\/div><\/article><\/div><div class='column dt-sc-one-half'><article id=\"post-9642\" class=\"blog-entry entry-date-left post-9642 post type-post status-publish format-standard has-post-thumbnail hentry\"><div class=\"entry-thumb\">\t<a href=\"https:\/\/www.pzujurukovski.mk\/sq\/priska\/\"><img width=\"1200\" height=\"628\" src=\"https:\/\/www.pzujurukovski.mk\/wp-content\/uploads\/2016\/04\/b1.jpg\" class=\"attachment-full size-full wp-post-image\" alt=\"\" loading=\"lazy\" srcset=\"https:\/\/www.pzujurukovski.mk\/wp-content\/uploads\/2016\/04\/b1.jpg 1200w, https:\/\/www.pzujurukovski.mk\/wp-content\/uploads\/2016\/04\/b1-300x157.jpg 300w, https:\/\/www.pzujurukovski.mk\/wp-content\/uploads\/2016\/04\/b1-768x402.jpg 768w, https:\/\/www.pzujurukovski.mk\/wp-content\/uploads\/2016\/04\/b1-1024x536.jpg 1024w\" sizes=\"(max-width: 1200px) 100vw, 1200px\" \/><\/a>\t<div class=\"entry-format \">\t\t<a class=\"ico-format\" href=\"\"><\/a>\t<\/div><\/div><div class=\"entry-details \">\t<div class=\"entry-date\">\t\t<div class=\"\">16<span>Oct<\/span>\t\t<\/div>\t\t<div class=\"comments hidden\"><a class=\"comments\" href=\"https:\/\/www.pzujurukovski.mk\/sq\/priska\/\/#respond\">\t<i class=\"pe-icon pe-chat\"><\/i>0 <\/a>\t\t<\/div>\t<\/div>\t<div class=\"entry-title\">\t\t<h4><a href=\"https:\/\/www.pzujurukovski.mk\/sq\/priska\/\">PRISKA<\/a><\/h4>\t<\/div><div class=\"entry-body\"><p>Skrinig gjat\u00eb tremujorit t\u00eb par\u00eb t\u00eb shtatz\u00ebnis\u00eb \u2013 PRISKA \u00a0\u00a0 Si zhvillohet procedura? marrja e mostr\u00ebs nga gjaku i n\u00ebn\u00ebs \u2013 i nevojsh\u00ebm p\u00ebr p\u00ebrcaktimin e vler\u00ebs s\u00eb dy hormoneve t\u00eb pranishme gjat\u00eb shtatz\u00ebnis\u00eb (HCG &#8211; human chorionic gonadotripin\/...<\/p><\/div>\t<div class=\"entry-meta-data \">\t\t<p class=\"author hidden\">\t\t\t<i class=\"pe-icon pe-user\"> <\/i>\t\t\t<a href=\"https:\/\/www.pzujurukovski.mk\/sq\/author\/pageland\/\">pageland<\/a>\t\t<\/p><p class=\"category \">\t<i class=\"pe-icon pe-network\"> <\/i><a href=\"https:\/\/www.pzujurukovski.mk\/sq\/category\/uncategorized-sq\/\">Uncategorized @sq<\/a><\/p>\t<\/div><a href=\"https:\/\/www.pzujurukovski.mk\/sq\/priska\/\" target='_self' title='' class='dt-sc-button   small icon-right with-icon  filled  type1' >Lexo m\u00eb shum\u00eb <\/a><\/div><\/article><\/div><\/div>[\/vc_column][\/vc_row][vc_row][vc_column][vc_empty_space height=&#8221;70px&#8221;][\/vc_column][\/vc_row][vc_row][vc_column width=&#8221;1\/3&#8243;][\/vc_column][vc_column width=&#8221;1\/3&#8243;][\/vc_column][vc_column width=&#8221;1\/3&#8243;][\/vc_column][\/vc_row]<\/p>\n","protected":false},"excerpt":{"rendered":"<p>[vc_row][vc_column][\/vc_column][\/vc_row][vc_row][vc_column][vc_empty_space height=&#8221;70px&#8221;][\/vc_column][\/vc_row][vc_row][vc_column][\/vc_column][\/vc_row][vc_row][vc_column][vc_empty_space height=&#8221;70px&#8221;][\/vc_column][\/vc_row][vc_row][vc_column width=&#8221;1\/3&#8243;][\/vc_column][vc_column width=&#8221;1\/3&#8243;][\/vc_column][vc_column width=&#8221;1\/3&#8243;][\/vc_column][\/vc_row]<\/p>\n","protected":false},"author":1,"featured_media":0,"parent":0,"menu_order":0,"comment_status":"closed","ping_status":"closed","template":"","meta":[],"_links":{"self":[{"href":"https:\/\/www.pzujurukovski.mk\/sq\/wp-json\/wp\/v2\/pages\/9655"}],"collection":[{"href":"https:\/\/www.pzujurukovski.mk\/sq\/wp-json\/wp\/v2\/pages"}],"about":[{"href":"https:\/\/www.pzujurukovski.mk\/sq\/wp-json\/wp\/v2\/types\/page"}],"author":[{"embeddable":true,"href":"https:\/\/www.pzujurukovski.mk\/sq\/wp-json\/wp\/v2\/users\/1"}],"replies":[{"embeddable":true,"href":"https:\/\/www.pzujurukovski.mk\/sq\/wp-json\/wp\/v2\/comments?post=9655"}],"version-history":[{"count":4,"href":"https:\/\/www.pzujurukovski.mk\/sq\/wp-json\/wp\/v2\/pages\/9655\/revisions"}],"predecessor-version":[{"id":9939,"href":"https:\/\/www.pzujurukovski.mk\/sq\/wp-json\/wp\/v2\/pages\/9655\/revisions\/9939"}],"wp:attachment":[{"href":"https:\/\/www.pzujurukovski.mk\/sq\/wp-json\/wp\/v2\/media?parent=9655"}],"curies":[{"name":"wp","href":"https:\/\/api.w.org\/{rel}","templated":true}]}}