{"id":9635,"date":"2018-10-16T10:26:27","date_gmt":"2018-10-16T10:26:27","guid":{"rendered":"https:\/\/www.pzujurukovski.mk\/?page_id=9635"},"modified":"2018-10-31T12:49:39","modified_gmt":"2018-10-31T12:49:39","slug":"lista-e-cmimeve","status":"publish","type":"page","link":"https:\/\/www.pzujurukovski.mk\/sq\/lista-e-cmimeve\/","title":{"rendered":"LISTA E \u00c7MIMEVE"},"content":{"rendered":"<p>[vc_row][vc_column]<div class=\"dt-sc-title     with-desc \"><h2> LISTA E \u00c7MIMEVE<\/h2><\/div>[\/vc_column][\/vc_row][vc_row][vc_column][vc_empty_space height=&#8221;40px&#8221;][\/vc_column][\/vc_row][vc_row][vc_column]<div class='dt-sc-tabs-horizontal-frame-container  tabs-with-sub-title '><ul class='dt-sc-tabs-horizontal-frame'><li><a href=\"#\">GJINEKOLOGJI <\/a><\/li><li><a href=\"#\"> OBSTETRIK\u00cb <\/a><\/li><li><a href=\"#\">PAKO<\/a><\/li><\/ul><div class='dt-sc-tabs-horizontal-frame-content'>[vc_row_inner content_placement=&#8221;middle&#8221; css=&#8221;.vc_custom_1538049015848{padding-top: 50px !important;}&#8221;][vc_column_inner][vc_column_text]<\/p>\n<ul>\n<li>UT vagjinal (EKO) &#8211; <strong>1.500,\u043e\u043e<\/strong><\/li>\n<li>PAP test &#8211; <strong>300,\u043e\u043e den.<\/strong><\/li>\n<li>Ekzaminim vaginal &#8211; <strong>500,\u043e\u043e den.<\/strong><\/li>\n<li>Folikulometri &#8211; <strong>500,\u043e\u043e den.<\/strong><\/li>\n<li>K\u00ebshillim me dokumentacion mjek\u00ebsor &#8211; <strong>1.000,\u043e\u043e den.<\/strong><\/li>\n<li>Aplikim i spirales (IUD) &#8211; <strong>1.000,\u043e\u043e den.<\/strong><\/li>\n<li>Heqja e spirales &#8211; <strong>500,\u043e\u043e den<\/strong><\/li>\n<li>Pako 5 brisa (cervix, vagina, Chlamydia trachomatis, Ureaplasma\/ Mycoplasma) me urinokultur\u00eb &#8211; <strong>2.600,oo den.<\/strong><\/li>\n<li>Bris p\u00ebr cerviks &#8211; <strong>900,\u043e\u043e den<\/strong><\/li>\n<li>Bris p\u00ebr vagjin\u00eb &#8211; <strong>900,\u043e\u043e den<\/strong><\/li>\n<li>Bris p\u00ebr Chlamydia trachomatis \u2013 <strong>700,oo den.<\/strong><\/li>\n<li>Bris p\u00ebr Ureaplasma\/ Mycoplasma \u2013 <strong>800,oo den.<\/strong><\/li>\n<li>Urinokultur\u00eb &#8211; <strong>300,\u043e\u043e den.<\/strong><\/li>\n<li>Spermokultur\u00eb &#8211; <strong>900,\u043e\u043e den.<\/strong><\/li>\n<li>HPV tipizim &#8211;<strong> 3.600,\u043e\u043e den.<\/strong><\/li>\n<li>Bris p\u00ebr GBS &#8211; <strong>500,\u043e\u043e den.<\/strong><\/li>\n<li>Pako hormonale (FSH, LH, PRL, E2)- <strong>200,\u043e\u043e den.<\/strong><\/li>\n<li>Hormonet e tiroides (TSH, fT4) \u2013 <strong>1.400,\u043e\u043e den.<\/strong><\/li>\n<\/ul>\n<blockquote><p>Marrja e mostrave (briseve) p\u00ebr analiza mikrobiologjike dhe bris p\u00ebr HPV tipizim &#8211; <strong>nuk paguhen! <\/strong>\u00c7mimet jan\u00eb p\u00ebrcaktuar nga laboratori Avicena.<\/p><\/blockquote>\n<p>[\/vc_column_text][\/vc_column_inner][\/vc_row_inner]<\/div><div class='dt-sc-tabs-horizontal-frame-content'>[vc_row_inner content_placement=&#8221;middle&#8221; css=&#8221;.vc_custom_1538048167386{padding-top: 50px !important;}&#8221;][vc_column_inner][vc_column_text]<\/p>\n<ul>\n<li>UT gjat\u00eb shtatz\u00ebnis\u00eb &#8211; <strong>500,\u043e\u043e den.<\/strong><\/li>\n<li>Skrining p\u00ebr Daun sindrom\u00eb (Down Syndrom) n\u00eb tremujorin e par\u00eb nga java e 11-t\u00eb deri n\u00eb jav\u00ebn e 13-t\u00eb\u2013 <strong>2.000,\u043e\u043e den.<\/strong><\/li>\n<li>Skrining p\u00ebr anormalitete gjat\u00eb tremujorit t\u00eb dyt\u00eb nga java e 19-t\u00eb deri n\u00eb jav\u00ebn 21 \u2013 <strong>2.000,\u043e\u043e den.<\/strong><\/li>\n<li>Dopler gjat\u00eb shtatz\u00ebnis\u00eb &#8211; <strong>500,00 den.<\/strong><\/li>\n<\/ul>\n<p>[\/vc_column_text][\/vc_column_inner][\/vc_row_inner]<\/div><div class='dt-sc-tabs-horizontal-frame-content'>[vc_row_inner content_placement=&#8221;middle&#8221; css=&#8221;.vc_custom_1538048167386{padding-top: 50px !important;}&#8221;][vc_column_inner][vc_column_text]<\/p>\n<ul>\n<li>UT vagjinal dhe PAP test &#8211; <strong>2000,\u043e\u043e den.<\/strong><\/li>\n<li>Ekzaminim vagjinal + UT vagjinal + PAP test &#8211; <strong>3.000,00 den.<\/strong><\/li>\n<li>Ekzaminim vagjinal +PAP test &#8211; <strong>500,00 den.<\/strong><\/li>\n<\/ul>\n<p>[\/vc_column_text][\/vc_column_inner][\/vc_row_inner]<\/div><\/div>[\/vc_column][\/vc_row][vc_row][vc_column][vc_empty_space height=&#8221;80px&#8221;][vc_text_separator title=&#8221;Sh\u00ebnim&#8221; border_width=&#8221;5&#8243;][\/vc_column][\/vc_row][vc_row][vc_column][vc_column_text]<\/p>\n<blockquote><p>T\u00eb gjitha materialet e pacienteve q\u00eb do t\u00eb merren n\u00eb ordinanc\u00eb, jan\u00eb n\u00eb bar\u00eb t\u00eb pacientes, n\u00eb lidhje me transportin e tyre deri te institucioni mjek\u00ebsor p\u00ebrkat\u00ebs.Rezultatet e ekzaminimeve mikrobiologjike do T&#8217;ju jepen n\u00eb k\u00ebqyrje p\u00ebr 2 dit\u00eb pune, nd\u00ebrsa ato t\u00eb PAP testit p\u00ebr 7 &#8211; 10 dit\u00eb.Rezultatet mund t\u2019i merrni nga ordinanca jon\u00eb.<\/p><\/blockquote>\n<p>[\/vc_column_text][vc_column_text]<\/p>\n<blockquote><p><strong><em>Ordinanca mund\u00ebson lirim p\u00ebr nx\u00ebn\u00ebs t\u00eb shkollave t\u00eb mesme, student\u00eb dhe pensionist\u00eb, si dhe gjat\u00eb vitit p\u00ebr t\u00eb gjith\u00eb pacient\u00ebt t\u00eb tjer\u00eb.<\/em><\/strong><em><strong>P\u00ebr k\u00ebto lirime do t\u00eb njoftoheni n\u00eb koh\u00eb n\u00ebp\u00ebrmjet ueb faqes dhe FB profilit ton\u00eb.<\/strong> <\/em><\/p><\/blockquote>\n<p>[\/vc_column_text][\/vc_column][\/vc_row]<\/p>\n","protected":false},"excerpt":{"rendered":"<p>[vc_row][vc_column][\/vc_column][\/vc_row][vc_row][vc_column][vc_empty_space height=&#8221;40px&#8221;][\/vc_column][\/vc_row][vc_row][vc_column][\/vc_column][\/vc_row][vc_row][vc_column][vc_empty_space height=&#8221;80px&#8221;][vc_text_separator title=&#8221;Sh\u00ebnim&#8221; border_width=&#8221;5&#8243;][\/vc_column][\/vc_row][vc_row][vc_column][vc_column_text] T\u00eb gjitha materialet e pacienteve q\u00eb do t\u00eb merren n\u00eb ordinanc\u00eb, jan\u00eb n\u00eb bar\u00eb t\u00eb pacientes, n\u00eb lidhje me transportin e tyre deri te institucioni mjek\u00ebsor p\u00ebrkat\u00ebs.Rezultatet e ekzaminimeve mikrobiologjike do T&#8217;ju jepen n\u00eb k\u00ebqyrje p\u00ebr 2 dit\u00eb pune, nd\u00ebrsa ato t\u00eb PAP testit p\u00ebr 7 &#8211; 10 dit\u00eb.Rezultatet mund [&hellip;]<\/p>\n","protected":false},"author":1,"featured_media":0,"parent":0,"menu_order":0,"comment_status":"closed","ping_status":"closed","template":"","meta":[],"_links":{"self":[{"href":"https:\/\/www.pzujurukovski.mk\/sq\/wp-json\/wp\/v2\/pages\/9635"}],"collection":[{"href":"https:\/\/www.pzujurukovski.mk\/sq\/wp-json\/wp\/v2\/pages"}],"about":[{"href":"https:\/\/www.pzujurukovski.mk\/sq\/wp-json\/wp\/v2\/types\/page"}],"author":[{"embeddable":true,"href":"https:\/\/www.pzujurukovski.mk\/sq\/wp-json\/wp\/v2\/users\/1"}],"replies":[{"embeddable":true,"href":"https:\/\/www.pzujurukovski.mk\/sq\/wp-json\/wp\/v2\/comments?post=9635"}],"version-history":[{"count":6,"href":"https:\/\/www.pzujurukovski.mk\/sq\/wp-json\/wp\/v2\/pages\/9635\/revisions"}],"predecessor-version":[{"id":9982,"href":"https:\/\/www.pzujurukovski.mk\/sq\/wp-json\/wp\/v2\/pages\/9635\/revisions\/9982"}],"wp:attachment":[{"href":"https:\/\/www.pzujurukovski.mk\/sq\/wp-json\/wp\/v2\/media?parent=9635"}],"curies":[{"name":"wp","href":"https:\/\/api.w.org\/{rel}","templated":true}]}}