{"id":9620,"date":"2018-10-16T10:05:21","date_gmt":"2018-10-16T10:05:21","guid":{"rendered":"https:\/\/www.pzujurukovski.mk\/?page_id=9620"},"modified":"2018-10-31T12:43:00","modified_gmt":"2018-10-31T12:43:00","slug":"dr-lidija-j-grunevska","status":"publish","type":"page","link":"https:\/\/www.pzujurukovski.mk\/sq\/dr-lidija-j-grunevska\/","title":{"rendered":"Dr.  Lidija J.  Grunevska"},"content":{"rendered":"<p>[vc_row][vc_column][vc_single_image image=&#8221;9135&#8243; img_size=&#8221;full&#8221; alignment=&#8221;center&#8221; style=&#8221;vc_box_rounded&#8221;][\/vc_column][\/vc_row][vc_row][\/vc_row][vc_column][\/vc_column]<div class='dt-sc-tabs-horizontal-frame-container  tabs-with-sub-title '><ul class='dt-sc-tabs-horizontal-frame'><li><a href=\"#\">Rreth mjekes<\/a><\/li><\/ul><div class='dt-sc-tabs-horizontal-frame-content'><\/div><\/div>[vc_empty_space height=&#8221;30px&#8221;][vc_row_inner][vc_column_inner width=&#8221;1\/3&#8243;][vc_empty_space][\/vc_column_inner][vc_column_inner width=&#8221;1\/3&#8243;][vc_column_text]<strong>Dr. \u00a0Lidija J. \u00a0Grunevska <\/strong>\u00ebsht\u00eb specialist gjinekolog akusher me 25 vjet p\u00ebrvoj\u00eb pune. \u00a0Ka specializuar n\u00eb Klinik\u00ebn e Gjinekologjis\u00eb dhe Akusheris\u00eb (KGJA), ku vazhdon t\u00eb punoj\u00eb n\u00eb repartin Salla p\u00ebr lindje (4 vjet), n\u00eb repartin Shtatz\u00ebni patologjike ( 5 vjet) dhe repartin Sterilitet dhe IVF (6 vjet).<\/p>\n<p>Veprimtarin\u00eb e saj e vazhdon n\u00eb praktik\u00ebn private, n\u00eb ordinanc\u00ebn e vet ISHP JURUKOVSKI dhe n\u00eb spitalin privat REMEDIKA si bashk\u00ebpun\u00ebtore e jashtme.<\/p>\n<p>Edukohet n\u00eb vazhdim\u00ebsi, merr pjes\u00eb n\u00eb pun\u00ebtori, simpoziume dhe kongrese, kryesisht n\u00eb fush\u00ebn e saj t\u00eb specializuar &#8211; <strong>SHTATZ\u00cbNI\u00a0<\/strong>dhe <strong>STERILITET<\/strong>.[\/vc_column_text][\/vc_column_inner][vc_column_inner width=&#8221;1\/3&#8243;][vc_empty_space][\/vc_column_inner][\/vc_row_inner][vc_column_inner width=&#8221;1\/2&#8243;][\/vc_column_inner][vc_column_inner width=&#8221;1\/2&#8243;][\/vc_column_inner]<\/p>\n","protected":false},"excerpt":{"rendered":"<p>[vc_row][vc_column][vc_single_image image=&#8221;9135&#8243; img_size=&#8221;full&#8221; alignment=&#8221;center&#8221; style=&#8221;vc_box_rounded&#8221;][\/vc_column][\/vc_row][vc_row][\/vc_row][vc_column][\/vc_column][vc_empty_space height=&#8221;30px&#8221;][vc_row_inner][vc_column_inner width=&#8221;1\/3&#8243;][vc_empty_space][\/vc_column_inner][vc_column_inner width=&#8221;1\/3&#8243;][vc_column_text]Dr. \u00a0Lidija J. \u00a0Grunevska \u00ebsht\u00eb specialist gjinekolog akusher me 25 vjet p\u00ebrvoj\u00eb pune. \u00a0Ka specializuar n\u00eb Klinik\u00ebn e Gjinekologjis\u00eb dhe Akusheris\u00eb (KGJA), ku vazhdon t\u00eb punoj\u00eb n\u00eb repartin Salla p\u00ebr lindje (4 vjet), n\u00eb repartin Shtatz\u00ebni patologjike ( 5 vjet) dhe repartin Sterilitet dhe IVF (6 vjet). Veprimtarin\u00eb [&hellip;]<\/p>\n","protected":false},"author":1,"featured_media":0,"parent":0,"menu_order":0,"comment_status":"closed","ping_status":"closed","template":"","meta":[],"_links":{"self":[{"href":"https:\/\/www.pzujurukovski.mk\/sq\/wp-json\/wp\/v2\/pages\/9620"}],"collection":[{"href":"https:\/\/www.pzujurukovski.mk\/sq\/wp-json\/wp\/v2\/pages"}],"about":[{"href":"https:\/\/www.pzujurukovski.mk\/sq\/wp-json\/wp\/v2\/types\/page"}],"author":[{"embeddable":true,"href":"https:\/\/www.pzujurukovski.mk\/sq\/wp-json\/wp\/v2\/users\/1"}],"replies":[{"embeddable":true,"href":"https:\/\/www.pzujurukovski.mk\/sq\/wp-json\/wp\/v2\/comments?post=9620"}],"version-history":[{"count":7,"href":"https:\/\/www.pzujurukovski.mk\/sq\/wp-json\/wp\/v2\/pages\/9620\/revisions"}],"predecessor-version":[{"id":9980,"href":"https:\/\/www.pzujurukovski.mk\/sq\/wp-json\/wp\/v2\/pages\/9620\/revisions\/9980"}],"wp:attachment":[{"href":"https:\/\/www.pzujurukovski.mk\/sq\/wp-json\/wp\/v2\/media?parent=9620"}],"curies":[{"name":"wp","href":"https:\/\/api.w.org\/{rel}","templated":true}]}}