{"id":9612,"date":"2018-10-16T09:51:47","date_gmt":"2018-10-16T09:51:47","guid":{"rendered":"https:\/\/www.pzujurukovski.mk\/?page_id=9612"},"modified":"2018-10-31T13:03:17","modified_gmt":"2018-10-31T13:03:17","slug":"rreth-nesh","status":"publish","type":"page","link":"https:\/\/www.pzujurukovski.mk\/sq\/rreth-nesh\/","title":{"rendered":"Rreth Nesh"},"content":{"rendered":"<p>[vc_row][vc_column]<div class=\"dt-sc-title     with-desc \"><h2>Mir\u00eb se erdh\u00ebt n\u00eb ordinanc\u00ebn ton\u00eb <\/h2><\/div>[vc_empty_space][\/vc_column][\/vc_row][vc_row][vc_column width=&#8221;1\/2&#8243;][vc_empty_space height=&#8221;80px&#8221;][vc_column_text]Ordinanca gjinekologjike ISHP JURUKOVSKI \u00ebsht\u00eb institucion privat specialist dhe subspecialist\u00a0 i cili n\u00eb veprimtarin\u00eb e vet p\u00ebrfshin diagnostikimin, ndjekjen dhe trajtimin e gjendjeve dhe s\u00ebmundjeve nga fusha e gjinekologjis\u00eb dhe obstetrik\u00ebs. \u00a0Me pun\u00eb ka filluar para m\u00eb tep\u00ebr se 23 vjet dhe \u00ebsht\u00eb nj\u00eb nga ordinancat e para private gjinekologjike n\u00eb Shkup dhe n\u00eb Republik\u00ebn e Maqedonis\u00eb. \u00a0Themelues i profilit profesional t\u00eb ordinanc\u00ebs \u00ebsht\u00eb <strong>prof. dr. Jovan Jurukovski<\/strong>, profesor i rregullt\u00a0 n\u00eb Fakultetin e Mjek\u00ebsis\u00eb n\u00eb Shkup, prodekan i fakultetit, shef i Katedr\u00ebs p\u00ebr Gjinekologji dhe obstetrik\u00eb dhe shum\u00eb vite ka qen\u00eb drejtor i Klinik\u00ebs Gjinekologjike &#8211; Obstetrike n\u00eb Shkup (tani n\u00eb pension). \u00a0Me merit\u00ebn e tij, nga vet\u00eb filli i pun\u00ebs, jan\u00eb vendosur standarde mjek\u00ebsore moderne, principe dhe kritere p\u00ebr p\u00ebrodrimin e procedurave efikase diagnostifikuese dhe terapeutike. \u00a0Gjithnj\u00eb me q\u00ebllim t\u00eb ofrimit t\u00eb sh\u00ebrbimit sh\u00ebndet\u00ebsor cil\u00ebsor, me respektimin principiel t\u00eb t\u00eb drejtave t\u00eb pacient\u00ebve. \u00a0M\u00ebnyra e k\u00ebtill\u00eb e pun\u00ebs dhe rezultatet e arritura n\u00ebp\u00ebr vite e afirmojn\u00eb ordinanc\u00ebn si nj\u00eb nga institucionet sh\u00ebndet\u00ebsore private kryesore dhe udh\u00ebheq\u00ebse n\u00eb fush\u00ebn e gjinekologjis\u00eb dhe obstetrik\u00ebs dhe e b\u00ebjn\u00eb t\u00ebrheq\u00ebse edhe p\u00ebr pacient\u00ebt jasht\u00eb vendit ton\u00eb.<\/p>\n<p>Ordinanca \u00ebsht\u00eb e pajisur me pajisje mjek\u00ebsore m\u00eb moderne dhe ka atmosfer\u00eb t\u00eb k\u00ebndshme me q\u00ebllim pacient\u00ebt t\u00eb ndihen t\u00eb sigurt dhe komfort.[\/vc_column_text][\/vc_column][vc_column width=&#8221;1\/2&#8243;][vc_separator color=&#8221;white&#8221; border_width=&#8221;10&#8243;][vc_single_image image=&#8221;9183&#8243; img_size=&#8221;full&#8221; alignment=&#8221;right&#8221; style=&#8221;vc_box_circle_2&#8243;][\/vc_column][\/vc_row][vc_row][vc_column][vc_column_text css=&#8221;.vc_custom_1539683581422{background-color: #dd4040 !important;border-radius: 10px !important;}&#8221;]<\/p>\n<p style=\"text-align: center;\"><b><i><span lang=\"SQ\"><span style=\"color: #ffffff;\">Nj\u00eb nga prioritetet tona kryesore \u2013 koh\u00eb e mjaftueshme, e p\u00ebrkushtuar p\u00ebr secilin pacient n\u00eb terminin e sakt\u00eb t\u00eb caktuar!<\/span> <\/span><\/i><\/b><\/p>\n<p>[\/vc_column_text][\/vc_column][\/vc_row][vc_row][vc_column][vc_empty_space height=&#8221;80px&#8221;][\/vc_column][\/vc_row][vc_row][vc_column width=&#8221;1\/2&#8243;][vc_single_image image=&#8221;9127&#8243; img_size=&#8221;450&#215;450&#8243; style=&#8221;vc_box_circle_2&#8243;][\/vc_column][vc_column width=&#8221;1\/2&#8243; el_class=&#8221;alignright about_video_content&#8221;]<h3>KONTROLLIMET <\/h3>[vc_separator align=&#8221;align_right&#8221; border_width=&#8221;2&#8243; el_width=&#8221;20&#8243; css=&#8221;.vc_custom_1537888502960{margin-bottom: 40px !important;}&#8221;][vc_column_text]<strong>Kontrollimet caktohen p\u00ebr koh\u00eb prej 30 minuta nd\u00ebrkaq n\u00ebse ka nevoj\u00eb edhe p\u00ebr 60 minuta. (var\u00ebsisht nga rasti).<\/strong><\/p>\n<p>N\u00eb ordinanc\u00ebn ton\u00eb \u00e7do pacient, p\u00ebrpos sh\u00ebrbimit mjek\u00ebsor cil\u00ebsor, fiton edhe koh\u00ebn e nevojshme p\u00ebr bised\u00eb dhe konsultim q\u00eb \u00ebsht\u00eb me r\u00ebnd\u00ebsi t\u00eb jasht\u00ebzakonshme p\u00ebr pacient\u00ebt, por edhe p\u00ebr ne. \u00a0Privat\u00ebsia Juaj, garantohet n\u00eb \u00e7do aspekt i q\u00ebndrimit Tuaj tek ne.[\/vc_column_text][\/vc_column][\/vc_row][vc_row][vc_column][vc_empty_space height=&#8221;80px&#8221;][vc_column_text]T\u00eb gjith\u00eb pacient\u00ebt e ordinanc\u00ebs ton\u00eb, n\u00eb rast nevoje, kan\u00eb mund\u00ebsi t\u00eb konsultohen me doktoresh\u00ebn n\u00eb \u00e7far\u00eb do koh\u00eb. \u00a0T\u00ebr\u00ebsisht e mb\u00ebshtesim bashk\u00ebpunimin me gjinekologun tuaj am\u00eb. \u00a0Sh\u00ebrbimet tona nuk i mbulon Fondi i Sigurimit Sh\u00ebndet\u00ebsor dhe t\u00eb nj\u00ebjtat kompensohen n\u00eb m\u00ebnyr\u00eb private. \u00a0Ordinanca punon \u00e7do dit\u00eb, p\u00ebrve\u00e7 gjat\u00eb vikendeve dhe festave shtet\u00ebrore ( p\u00ebrve\u00e7 n\u00eb raste urgjente).<\/p>\n<p>ISHP JURUKOVSKI ka lidhur marr\u00ebveshje me spitalin provat Remedika, ku mjekja punon si bashk\u00ebpun\u00ebtore e jashtme.[\/vc_column_text][\/vc_column][\/vc_row][vc_row][vc_column][vc_empty_space height=&#8221;80px&#8221;][\/vc_column][\/vc_row][vc_row][vc_column]<div class=\"dt-sc-title     with-desc \"><h2>Disa nga sh\u00ebrbimet tona<\/h2><\/div>[\/vc_column][\/vc_row][vc_row][vc_column][vc_empty_space height=&#8221;80px&#8221;][\/vc_column][\/vc_row][vc_row][vc_column width=&#8221;1\/3&#8243;]<div class=\"dt-sc-icon-box colored  lavender  \" ><div class=\"icon-wrapper\">\r\n\t\t\t\t\t\t<span class=\"image-inside\">   <\/span>\r\n\t\t\t\t\t <\/div><div class='icon-content'><p>&#8211; Ekzaminim me UT (vaginal dhe abdominal me fshik\u00ebz\u00ebn plot)<\/p>\n<p>&#8211; Marrja e mostrave p\u00ebr PAP \/ VF (Histolab)<\/p>\n<p>&#8211; Analiza (bris) mikrobiologjik\/e ( Avicena)<\/p><h4>GJINEKOLOGJI <\/h4><\/div>\r\n\t\t\t       <\/div>[\/vc_column][vc_column width=&#8221;1\/3&#8243;]<div class=\"dt-sc-icon-box colored  lavender  \" ><div class=\"icon-wrapper\">\r\n\t\t\t\t\t\t<span class=\"image-inside\">   <\/span>\r\n\t\t\t\t\t <\/div><div class='icon-content'><p>&#8211; Ndjekja e shtatz\u00ebnis\u00eb normale, t\u00eb rrezikshme dhe me rrezik t\u00eb lart\u00eb<\/p>\n<p>&#8211; Skrining i embrionit (sonogram gjenetik p\u00ebr detektimin e anomalive fetale) i hersh\u00ebm java 11-13 dhe kryesor java 19 \u2013 21<\/p>\n<p>&#8211; Dopler gjat\u00eb shtatz\u00ebnis\u00eb<\/p><h4>OBSTETRIK\u00cb<\/h4><\/div>\r\n\t\t\t       <\/div>[\/vc_column][vc_column width=&#8221;1\/3&#8243;]<div class=\"dt-sc-icon-box colored  lavender  \" ><div class=\"icon-wrapper\">\r\n\t\t\t\t\t\t<span class=\"image-inside\">   <\/span>\r\n\t\t\t\t\t <\/div><div class='icon-content'><p>&#8211; Lindje ( spontane ose me prerje cezariane)<\/p>\n<p>&#8211; Nd\u00ebrprerje e shtatz\u00ebnis\u00eb s\u00eb hershme patologjike ( deri n\u00eb jav\u00ebn e 12-t\u00eb, t\u00eb shtatz\u00ebnis\u00eb, n\u00eb pajtim me ligjin)<\/p>\n<p>&#8211; Amniocenteza (AC)<\/p>\n<p>&#8211; Horion biopsi (CVS)<\/p><h4>SH\u00cbRBIME SPITALORE N\u00cb REMEDIKA <\/h4><\/div>\r\n\t\t\t       <\/div>[\/vc_column][\/vc_row][vc_row][vc_column width=&#8221;1\/3&#8243;][vc_empty_space height=&#8221;80px&#8221;][\/vc_column][vc_column width=&#8221;1\/3&#8243;]<a href='https:\/\/www.pzujurukovski.mk\/sherbime\/?lang=sq' target='_self' title='' class='dt-sc-button   medium icon-right with-icon  fully-rounded-border  ' >Shikoni sh\u00ebrbimet tona <span class='fa fa-newspaper-o'> <\/span><\/a>[\/vc_column][vc_column width=&#8221;1\/3&#8243;][vc_empty_space height=&#8221;80px&#8221;][\/vc_column][\/vc_row][vc_row][vc_column][vc_empty_space height=&#8221;80px&#8221;][\/vc_column][\/vc_row][vc_row][vc_column css=&#8221;.vc_custom_1539172797759{border-radius: 2px !important;}&#8221;]<div class=\"dt-sc-title     with-desc \"><h2><\/h2><h3><\/h3><\/div>[vc_column_text]<\/p>\n<h2 style=\"text-align: center;\"><strong><span style=\"color: #000000;\"><b><i><span lang=\"SQ\">Motoja jon\u00eb <\/span><\/i><\/b><\/span><\/strong><\/h2>\n<p>[\/vc_column_text][vc_column_text css=&#8221;.vc_custom_1539684073869{background-color: #dd3333 !important;border-radius: 10px !important;}&#8221;]<\/p>\n<p style=\"text-align: center;\"><span style=\"color: #ffffff;\"><strong><em>S<\/em><\/strong><strong><em>h\u00ebrbim cil\u00ebsor profesional, koh\u00eb e p\u00ebrkushtuar, privat\u00ebsi, besim dhe shum\u00eb pacient\u00eb t\u00eb k\u00ebnaqur. \u00a0JU PRESIM<\/em><\/strong><strong><em>!<\/em><\/strong><\/span><\/p>\n<p>[\/vc_column_text][\/vc_column][vc_column][\/vc_column][\/vc_row]<\/p>\n","protected":false},"excerpt":{"rendered":"<p>[vc_row][vc_column][vc_empty_space][\/vc_column][\/vc_row][vc_row][vc_column width=&#8221;1\/2&#8243;][vc_empty_space height=&#8221;80px&#8221;][vc_column_text]Ordinanca gjinekologjike ISHP JURUKOVSKI \u00ebsht\u00eb institucion privat specialist dhe subspecialist\u00a0 i cili n\u00eb veprimtarin\u00eb e vet p\u00ebrfshin diagnostikimin, ndjekjen dhe trajtimin e gjendjeve dhe s\u00ebmundjeve nga fusha e gjinekologjis\u00eb dhe obstetrik\u00ebs. \u00a0Me pun\u00eb ka filluar para m\u00eb tep\u00ebr se 23 vjet dhe \u00ebsht\u00eb nj\u00eb nga ordinancat e para private gjinekologjike n\u00eb Shkup dhe [&hellip;]<\/p>\n","protected":false},"author":1,"featured_media":0,"parent":0,"menu_order":0,"comment_status":"closed","ping_status":"closed","template":"","meta":[],"_links":{"self":[{"href":"https:\/\/www.pzujurukovski.mk\/sq\/wp-json\/wp\/v2\/pages\/9612"}],"collection":[{"href":"https:\/\/www.pzujurukovski.mk\/sq\/wp-json\/wp\/v2\/pages"}],"about":[{"href":"https:\/\/www.pzujurukovski.mk\/sq\/wp-json\/wp\/v2\/types\/page"}],"author":[{"embeddable":true,"href":"https:\/\/www.pzujurukovski.mk\/sq\/wp-json\/wp\/v2\/users\/1"}],"replies":[{"embeddable":true,"href":"https:\/\/www.pzujurukovski.mk\/sq\/wp-json\/wp\/v2\/comments?post=9612"}],"version-history":[{"count":10,"href":"https:\/\/www.pzujurukovski.mk\/sq\/wp-json\/wp\/v2\/pages\/9612\/revisions"}],"predecessor-version":[{"id":9987,"href":"https:\/\/www.pzujurukovski.mk\/sq\/wp-json\/wp\/v2\/pages\/9612\/revisions\/9987"}],"wp:attachment":[{"href":"https:\/\/www.pzujurukovski.mk\/sq\/wp-json\/wp\/v2\/media?parent=9612"}],"curies":[{"name":"wp","href":"https:\/\/api.w.org\/{rel}","templated":true}]}}