{"id":9606,"date":"2018-10-16T09:43:58","date_gmt":"2018-10-16T09:43:58","guid":{"rendered":"https:\/\/www.pzujurukovski.mk\/?page_id=9606"},"modified":"2018-11-05T15:42:30","modified_gmt":"2018-11-05T15:42:30","slug":"shtepi","status":"publish","type":"page","link":"https:\/\/www.pzujurukovski.mk\/sq\/","title":{"rendered":"Sht\u00ebpi"},"content":{"rendered":"<p>[vc_row][vc_column][vc_empty_space height=&#8221;80px&#8221;][\/vc_column][\/vc_row][vc_row][vc_column]<div class=\"dt-sc-title     with-desc \"><h2>Sh\u00ebrbimet tona<\/h2><h3>Ordinanca ISHP JURUKOVSKI p\u00ebr nevojat Tuaja i ofron kontrollimet specialistike dhe sub- specialistike, trajtime mjek\u00ebsore dhe sh\u00ebrbime spitalore.<\/h3><\/div>[\/vc_column][\/vc_row][vc_row][vc_column][vc_empty_space height=&#8221;60px&#8221;][\/vc_column][\/vc_row][vc_row][vc_column width=&#8221;1\/3&#8243;]<div class=\"dt-sc-colored-icon-box  lavender  \" ><img width=\"600\" height=\"600\" src=\"https:\/\/www.pzujurukovski.mk\/wp-content\/uploads\/2016\/04\/s2.jpg\" class=\"attachment-full\" alt=\"\" loading=\"lazy\" srcset=\"https:\/\/www.pzujurukovski.mk\/wp-content\/uploads\/2016\/04\/s2.jpg 600w, https:\/\/www.pzujurukovski.mk\/wp-content\/uploads\/2016\/04\/s2-150x150.jpg 150w, https:\/\/www.pzujurukovski.mk\/wp-content\/uploads\/2016\/04\/s2-300x300.jpg 300w\" sizes=\"(max-width: 600px) 100vw, 600px\" \/><div class='dt-sc-colored-content'>\r\n\t\t\t\t\t\t<a class='icon-image' target=' _blank' title='Link' href='https:\/\/www.pzujurukovski.mk\/dt_procedure\/gjinekologji\/?lang=sq'><\/a><div class='dt-sc-colored-content-title'>\r\n\t\t\t\t\t\t<h3><a target=' _blank' title='Link' href='https:\/\/www.pzujurukovski.mk\/dt_procedure\/gjinekologji\/?lang=sq'>GJINEKOLOGJI \t<\/a><\/h3>\r\n\t\t\t\t\t <\/div>\r\n\t\t\t\t\t <\/div>\r\n\t\t\t    <\/div>[\/vc_column][vc_column width=&#8221;1\/3&#8243;]<div class=\"dt-sc-colored-icon-box  pista \" ><img width=\"600\" height=\"600\" src=\"https:\/\/www.pzujurukovski.mk\/wp-content\/uploads\/2018\/10\/5-copy.jpg\" class=\"attachment-full\" alt=\"\" loading=\"lazy\" srcset=\"https:\/\/www.pzujurukovski.mk\/wp-content\/uploads\/2018\/10\/5-copy.jpg 600w, https:\/\/www.pzujurukovski.mk\/wp-content\/uploads\/2018\/10\/5-copy-150x150.jpg 150w, https:\/\/www.pzujurukovski.mk\/wp-content\/uploads\/2018\/10\/5-copy-300x300.jpg 300w\" sizes=\"(max-width: 600px) 100vw, 600px\" \/><div class='dt-sc-colored-content'>\r\n\t\t\t\t\t\t<a class='icon-image' target=' _blank' title='Link' href='https:\/\/www.pzujurukovski.mk\/dt_procedure\/obstetrike\/?lang=sq'><\/a><div class='dt-sc-colored-content-title'>\r\n\t\t\t\t\t\t<h3><a target=' _blank' title='Link' href='https:\/\/www.pzujurukovski.mk\/dt_procedure\/obstetrike\/?lang=sq'>OBSTETRIK\u00cb\t<\/a><\/h3>\r\n\t\t\t\t\t <\/div>\r\n\t\t\t\t\t <\/div>\r\n\t\t\t    <\/div>[\/vc_column][vc_column width=&#8221;1\/3&#8243;]<div class=\"dt-sc-colored-icon-box  pink \" ><img width=\"600\" height=\"600\" src=\"https:\/\/www.pzujurukovski.mk\/wp-content\/uploads\/2018\/10\/remedikaipzu.png\" class=\"attachment-full\" alt=\"\" loading=\"lazy\" srcset=\"https:\/\/www.pzujurukovski.mk\/wp-content\/uploads\/2018\/10\/remedikaipzu.png 600w, https:\/\/www.pzujurukovski.mk\/wp-content\/uploads\/2018\/10\/remedikaipzu-150x150.png 150w, https:\/\/www.pzujurukovski.mk\/wp-content\/uploads\/2018\/10\/remedikaipzu-300x300.png 300w\" sizes=\"(max-width: 600px) 100vw, 600px\" \/><div class='dt-sc-colored-content'>\r\n\t\t\t\t\t\t<a class='icon-image' target=' _blank' title='Link' href='https:\/\/www.pzujurukovski.mk\/dt_procedure\/sherbime-spitalore-ne-remedika\/?lang=sq'><img width=\"70\" height=\"70\" src=\"https:\/\/www.pzujurukovski.mk\/wp-content\/uploads\/2018\/10\/zh.png\" class=\"attachment-full\" alt=\"\" loading=\"lazy\" \/><\/a><div class='dt-sc-colored-content-title'>\r\n\t\t\t\t\t\t<h3><a target=' _blank' title='Link' href='https:\/\/www.pzujurukovski.mk\/dt_procedure\/sherbime-spitalore-ne-remedika\/?lang=sq'>REMEDIKA SH\u00cbRBIME\t<\/a><\/h3>\r\n\t\t\t\t\t <\/div>\r\n\t\t\t\t\t <\/div>\r\n\t\t\t    <\/div>[\/vc_column][\/vc_row][vc_row][vc_column][vc_empty_space height=&#8221;80px&#8221;][\/vc_column][vc_column]<div class=\"dt-sc-title     with-desc \"><h2>Th\u00ebnie t\u00eb men\u00e7ura<\/h2><\/div>[vc_empty_space height=&#8221;20px&#8221;][\/vc_column][\/vc_row][vc_row full_width=&#8221;stretch_row&#8221; css=&#8221;.vc_custom_1539342881442{padding-top: 120px !important;padding-bottom: 100px !important;background-image: url(https:\/\/www.pzujurukovski.mk\/wp-content\/uploads\/2018\/10\/pogovorki-3.jpg?id=9490) !important;background-position: 0 0 !important;background-repeat: no-repeat !important;}&#8221;][vc_column width=&#8221;1\/2&#8243; el_class=&#8221;pregnancy-appointment-form&#8221; css=&#8221;.vc_custom_1464241291749{padding-right: 115px !important;}&#8221;]<blockquote class='type2 ' ><q>A good doctor&#8217;s comforting and reassuring words are sometimes more powerful than medicines.<\/q><\/blockquote>[vc_empty_space height=&#8221;20px&#8221;]<blockquote class='type2 ' ><q>Good doctors understand responsibility better than privilege and practice accountability better than business.<\/q><\/blockquote>[vc_empty_space height=&#8221;20px&#8221;]<blockquote class='type2 ' ><q>A physician is obligated to consider more than a diseased organ, more even than the whole man \u2013 he must view the man in his world.<\/q><\/blockquote>[\/vc_column][vc_column width=&#8221;1\/2&#8243;]<blockquote class='type2  red' ><q>Wherever the art of medicine is loved, there is also a love of humanity. &#8211; Hippocrates.<\/q><\/blockquote>[vc_empty_space height=&#8221;20px&#8221;]<blockquote class='type2 ' ><q>Whenever a doctor cannot do good, he must be kept from doing harm. \u00a0&#8211; Hippocrates.<\/q><\/blockquote>[vc_empty_space height=&#8221;20px&#8221;]<blockquote class='type2 ' ><q>I am a doctor \u2013 it\u2019s a profession that may be considered a special mission, a devotion. It calls for involvement, respect and willingness to help all other people.<\/q><\/blockquote>[vc_empty_space height=&#8221;20px&#8221;]<blockquote class='type2 ' ><q>Whatever you do, do with determination. You have one life to live; do your work with passion and give your best. Whether you want to be a chef, doctor, actor, or a mother, be passionate to get the best result.<\/q><\/blockquote>[\/vc_column][\/vc_row][vc_row][vc_column][vc_empty_space height=&#8221;100px&#8221;]<div class=\"dt-sc-title     with-desc \"><h2>Dhurata nga pacient\u00ebt tan\u00eb me r\u00ebnd\u00ebsi t\u00eb madhe p\u00ebr ne ...<\/h2><h3>Fotografit\u00eb q\u00eb tregojn\u00eb dashurin\u00eb dhe mir\u00ebnjohjen q\u00eb pacient\u00ebt tan\u00eb kan\u00eb ndaj nesh&#8230;<\/h3><\/div>[vc_empty_space height=&#8221;100px&#8221;][\/vc_column][vc_column width=&#8221;1\/3&#8243;][vc_single_image image=&#8221;9302&#8243; img_size=&#8221;300&#215;300&#8243; alignment=&#8221;center&#8221; style=&#8221;vc_box_outline_circle_2&#8243; border_color=&#8221;purple&#8221; onclick=&#8221;link_image&#8221; css_animation=&#8221;fadeInUp&#8221;][\/vc_column][vc_column width=&#8221;1\/3&#8243;][vc_single_image image=&#8221;9296&#8243; img_size=&#8221;300&#215;300&#8243; alignment=&#8221;center&#8221; style=&#8221;vc_box_outline_circle_2&#8243; border_color=&#8221;purple&#8221; onclick=&#8221;link_image&#8221; css_animation=&#8221;fadeInUp&#8221;][\/vc_column][vc_column width=&#8221;1\/3&#8243;][vc_single_image image=&#8221;9306&#8243; img_size=&#8221;300&#215;300&#8243; alignment=&#8221;center&#8221; style=&#8221;vc_box_outline_circle_2&#8243; border_color=&#8221;purple&#8221; onclick=&#8221;link_image&#8221; css_animation=&#8221;fadeInUp&#8221;][vc_btn title=&#8221;M\u00eb shum\u00eb fotografi&#8221; shape=&#8221;round&#8221; color=&#8221;purple&#8221; size=&#8221;lg&#8221; align=&#8221;center&#8221; link=&#8221;url:https%3A%2F%2Fwww.pzujurukovski.mk%2Fkrenaria-jone%2F%3Flang%3Dsq|||&#8221;][\/vc_column][vc_column][vc_empty_space height=&#8221;65px&#8221;]<div class=\"dt-sc-title     with-desc \"><h2>Ne mund t&#039;ju ndihmojm\u00eb!<\/h2><\/div>[\/vc_column][\/vc_row][vc_row][vc_column width=&#8221;1\/2&#8243; el_class=&#8221;image-content-box&#8221;][vc_single_image image=&#8221;9683&#8243; img_size=&#8221;full&#8221;]<h3>Kontrolli i shtatz\u00ebnis\u00eb?<\/h3><h5><\/h5><a href='https:\/\/www.pzujurukovski.mk\/kontaktoni\/?lang=sq' target='_self' title='' class='dt-sc-button   medium icon-right with-icon  fully-rounded-border  ' >Na kontaktoni <span class='fa fa-comments-o'> <\/span><\/a>[\/vc_column][vc_column width=&#8221;1\/2&#8243; el_class=&#8221;image-content-box&#8221;][vc_single_image image=&#8221;8551&#8243; img_size=&#8221;full&#8221;]<h3>A planifikoni nj\u00eb f\u00ebmij\u00eb?<\/h3><h5><\/h5><a href='https:\/\/www.pzujurukovski.mk\/kontaktoni\/?lang=sq' target='_self' title='' class='dt-sc-button   medium icon-right with-icon  fully-rounded-border  ' >Na kontaktoni <span class='fa fa-comments-o'> <\/span><\/a>[\/vc_column][\/vc_row][vc_row][vc_column][vc_empty_space height=&#8221;70px&#8221;][\/vc_column][\/vc_row][vc_row][vc_column]<div class=\"dt-sc-title     with-desc \"><h2>Tremujorin e shtatz\u00ebnis\u00eb<\/h2><h3>Shikoni n\u00eb tremujorin e shtatz\u00ebnis\u00eb tuaj m\u00eb shum\u00eb detaje&#8230;<\/h3><\/div>[\/vc_column][\/vc_row][vc_row][vc_column][vc_empty_space height=&#8221;100px&#8221;][\/vc_column][\/vc_row][vc_row][vc_column]<div class=\"trimester-time-line\"><div class=\"column dt-sc-one-third no-space first\"> \t\t<div class=\"week-count\">\r\n\t\t\t\t\t\t\t<ul>\r\n\t\t\t\t\t\t\t\t<li>\r\n\t\t\t\t\t\t\t\t\t<a class=\"count-display\">5<\/a>\r\n\t\t\t\t\t\t\t\t\t<div class=\"week-count-overlay\">\r\n\t\t\t\t\t\t\t\t\t\t<h4><a href=\"#\">Duhet ta dini<\/a><\/h4><p>Me ultratingull vaginal, gjinekologu Juaj mund t\u00eb shoh\u00eb prezenc\u00ebn e sakusit gestativ.  Me k\u00ebt\u00eb konfirmohet se shtatz\u00ebnia ndodh n\u00eb mit\u00ebr.<\/p><a target=\"_blank\" href=\"#\"> <span class=\"fa fa-video-camera \"><\/span><\/a>\r\n\t\t\t\t\t\t\t\t\t<\/div>\r\n\t\t\t\t\t\t\t\t<\/li>\r\n\t\t\t\t\t\t\t\t<li>\r\n\t\t\t\t\t\t\t\t\t<a class=\"count-display\">7<\/a>\r\n\t\t\t\t\t\t\t\t\t<div class=\"week-count-overlay\">\r\n\t\t\t\t\t\t\t\t\t\t<h4><a href=\"#\">Zhvillimi Fetal<\/a><\/h4><p>Konfirmohet prezenca e nj\u00eb ose m\u00eb tep\u00ebr embrioneve me aktivitet t\u00eb duksh\u00ebm t\u00eb zemr\u00ebs t\u00eb fryti \/ frytet.<\/p><a target=\"_blank\" href=\"#\"> <span class=\"fa fa-download \"><\/span><\/a>\r\n\t\t\t\t\t\t\t\t\t<\/div>\r\n\t\t\t\t\t\t\t\t<\/li>\r\n\t\t\t\t\t\t\t\t<li>\r\n\t\t\t\t\t\t\t\t\t<a class=\"count-display\">12<\/a>\r\n\t\t\t\t\t\t\t\t\t<div class=\"week-count-overlay\">\r\n\t\t\t\t\t\t\t\t\t\t<h4><a href=\"#\">\u00c7far\u00eb duket f\u00ebmija im n\u00eb jav\u00ebn e 12-t\u00eb?<\/a><\/h4><p>Bebja Juaj edhe pse e vog\u00ebl, \u00ebsht\u00eb t\u00ebr\u00ebsisht e zhvilluar.  Ka madh\u00ebsin\u00eb e kumbull\u00ebs.  Ekzaminimi n\u00eb tremujorin e par\u00eb paraqet kombinim t\u00eb ultratingullit t\u00eb fetusit dhe analiz\u00eb t\u00eb gjakut t\u00eb n\u00ebn\u00ebs, me q\u00ebllim t\u00eb p\u00ebrcaktohet rreziku nga anomali t\u00eb mundshme t\u00eb fetusit.<\/p><a target=\"_blank\" href=\"#\"> <span class=\"fa fa-video-camera \"><\/span><\/a>\r\n\t\t\t\t\t\t\t\t\t<\/div>\r\n\t\t\t\t\t\t\t\t<\/li>\r\n\t\t\t\t\t\t\t<\/ul>\r\n\t\t\t\t\t\t\t<div class=\"kilo-by-week pista\">\r\n\t\t\t\t\t\t\t\t<h3>1<sup>st<\/sup> Tremujori<\/h3>\r\n\t\t\t\t\t\t\t\t<div class=\"indication-line\"><\/div>\r\n\t\t\t\t\t\t\t\t<h5>jav\u00eb 1 - jav\u00eb 12<\/h5>\r\n\t\t\t\t\t\t\t<\/div>\r\n\t\t\t\t\t\t<\/div>\r\n\t\t\t\t\t<\/div><div class=\"column dt-sc-one-third no-space\"> \t\t<div class=\"week-count\">\r\n\t\t\t\t\t\t\t<ul>\r\n\t\t\t\t\t\t\t\t<li>\r\n\t\t\t\t\t\t\t\t\t<a class=\"count-display\">18-20<\/a>\r\n\t\t\t\t\t\t\t\t\t<div class=\"week-count-overlay\">\r\n\t\t\t\t\t\t\t\t\t\t<h4><a href=\"#\">Morfologji ultratinguj<\/a><\/h4><p>Ultratingull p\u00ebr vler\u00ebsimin e morfologjis\u00eb s\u00eb fetusit, respektivisht skrining t\u00eb frytit.  B\u00ebhet nd\u00ebrmjet jav\u00ebs s\u00eb 18-t\u00eb dhe jav\u00ebs s\u00eb 20-t\u00eb, t\u00eb shtatz\u00ebnis\u00eb.  Me k\u00ebt\u00eb ekzaminim ultratingull vler\u00ebsohet rritja dhe zhvillimi i frytit.<\/p><a target=\"_blank\" href=\"#\"> <span class=\"fa fa-rocket \"><\/span><\/a>\r\n\t\t\t\t\t\t\t\t\t<\/div>\r\n\t\t\t\t\t\t\t\t<\/li>\r\n\t\t\t\t\t\t\t\t<li>\r\n\t\t\t\t\t\t\t\t\t<a class=\"count-display\">24<\/a>\r\n\t\t\t\t\t\t\t\t\t<div class=\"week-count-overlay\">\r\n\t\t\t\t\t\t\t\t\t\t<h4><a href=\"#\">Kontrollet e shtatz\u00ebnis\u00eb<\/a><\/h4><p>Koha p\u00ebr kontrollimin e ekzistimit eventual t\u00eb diabetit t\u00eb shtatz\u00ebnis\u00eb, gjendje gjat\u00eb s\u00eb cil\u00ebs rritet niveli i sheqerit n\u00eb gjakun e n\u00ebn\u00ebs mbi vlerat normale.<\/p><a target=\"_blank\" href=\"#\"> <span class=\"fa fa-check-square-o \"><\/span><\/a>\r\n\t\t\t\t\t\t\t\t\t<\/div>\r\n\t\t\t\t\t\t\t\t<\/li>\r\n\t\t\t\t\t\t\t\t<li>\r\n\t\t\t\t\t\t\t\t\t<a class=\"count-display\">28-32<\/a>\r\n\t\t\t\t\t\t\t\t\t<div class=\"week-count-overlay\">\r\n\t\t\t\t\t\t\t\t\t\t<h4><a href=\"#\">Ultratingull<\/a><\/h4><p>Ultratingull p\u00ebr vler\u00ebsimin e madh\u00ebsis\u00eb s\u00eb fetusit.<\/p><a target=\"_blank\" href=\"#\"> <span class=\"fa fa-thumb-tack \"><\/span><\/a>\r\n\t\t\t\t\t\t\t\t\t<\/div>\r\n\t\t\t\t\t\t\t\t<\/li>\r\n\t\t\t\t\t\t\t<\/ul>\r\n\t\t\t\t\t\t\t<div class=\"kilo-by-week blue\">\r\n\t\t\t\t\t\t\t\t<h3>2<sup>nd<\/sup> Tremujori<\/h3>\r\n\t\t\t\t\t\t\t\t<div class=\"indication-line\"><\/div>\r\n\t\t\t\t\t\t\t\t<h5>java 13 - java 28<\/h5>\r\n\t\t\t\t\t\t\t<\/div>\r\n\t\t\t\t\t\t<\/div>\r\n\t\t\t\t\t<\/div><div class=\"column dt-sc-one-third no-space\"> \t\t<div class=\"week-count\">\r\n\t\t\t\t\t\t\t<ul>\r\n\t\t\t\t\t\t\t\t<li>\r\n\t\t\t\t\t\t\t\t\t<a class=\"count-display\">37<\/a>\r\n\t\t\t\t\t\t\t\t\t<div class=\"week-count-overlay\">\r\n\t\t\t\t\t\t\t\t\t\t<h4><a href=\"#\">Ultratingull p\u00ebr vler\u00ebsimin<\/a><\/h4><p>Ultratingull p\u00ebr vler\u00ebsimin e: paraqitjes s\u00eb fetusit, sasin\u00eb e ujit amniotik, vendosja e placent\u00ebs, biometria e fetusit p\u00ebr vler\u00ebsimin e pesh\u00ebs s\u00eb bebes.  Me 37 jav\u00eb t\u00eb plota t\u00eb shtatz\u00ebnis\u00eb, shtatz\u00ebnia Juaj hyn n\u00eb tremestrin e tret\u00eb.<\/p><a target=\"_blank\" href=\"#\"> <span class=\"fa fa-arrow-circle-right \"><\/span><\/a>\r\n\t\t\t\t\t\t\t\t\t<\/div>\r\n\t\t\t\t\t\t\t\t<\/li>\r\n\t\t\t\t\t\t\t\t<li>\r\n\t\t\t\t\t\t\t\t\t<a class=\"count-display\">38<\/a>\r\n\t\t\t\t\t\t\t\t\t<div class=\"week-count-overlay\">\r\n\t\t\t\t\t\t\t\t\t\t<h4><a href=\"#\">Kardiotomografia<\/a><\/h4><p>Kardiotomografia \u00ebsht\u00eb test i cili zakonisht b\u00ebhet gjat\u00eb tremujorit t\u00eb tret\u00eb t\u00eb shtatz\u00ebnis\u00eb.  Me ndihm\u00ebn e k\u00ebtij testi vler\u00ebsohet n\u00ebse rrahjet e zemr\u00ebs s\u00eb bebes Tuaj jan\u00eb n\u00eb kufijt\u00eb e normales.<\/p><a target=\"_blank\" href=\"#\"> <span class=\"fa fa-music \"><\/span><\/a>\r\n\t\t\t\t\t\t\t\t\t<\/div>\r\n\t\t\t\t\t\t\t\t<\/li>\r\n\t\t\t\t\t\t\t\t<li>\r\n\t\t\t\t\t\t\t\t\t<a class=\"count-display\">40<\/a>\r\n\t\t\t\t\t\t\t\t\t<div class=\"week-count-overlay\">\r\n\t\t\t\t\t\t\t\t\t\t<h4><a href=\"#\">Shtatz\u00ebnia<\/a><\/h4><p>Shtatz\u00ebnia p\u00ebrfundon me lindjen e nj\u00eb ose m\u00eb tep\u00ebr bebeve, n\u00eb m\u00ebnyr\u00eb natyrale (vagjinale) ose me prerje cezariane (me operacion.<\/p><a target=\"_blank\" href=\"#\"> <span class=\"fa fa-video-camera \"><\/span><\/a>\r\n\t\t\t\t\t\t\t\t\t<\/div>\r\n\t\t\t\t\t\t\t\t<\/li>\r\n\t\t\t\t\t\t\t<\/ul>\r\n\t\t\t\t\t\t\t\r\n\t\t\t\t\t\t\t<span class=\"units-weeks\">*units in weeks <\/span>\r\n\t\t\t\t\t\t\t\r\n\t\t\t\t\t\t\t<div class=\"kilo-by-week pink\">\r\n\t\t\t\t\t\t\t\t<h3>3<sup>rd<\/sup> Tremujori<\/h3>\r\n\t\t\t\t\t\t\t\t<div class=\"indication-line\"><\/div>\r\n\t\t\t\t\t\t\t\t<h5>java 29 - java 40<\/h5>\r\n\t\t\t\t\t\t\t<\/div>\r\n\t\t\t\t\t\t<\/div>\r\n\t\t\t\t\t<\/div><\/div>[\/vc_column][\/vc_row][vc_row][vc_column][vc_empty_space height=&#8221;55px&#8221;][\/vc_column][\/vc_row][vc_row][vc_column][vc_empty_space height=&#8221;65px&#8221;][\/vc_column][\/vc_row][vc_row][vc_column][vc_empty_space height=&#8221;85px&#8221;][\/vc_column][\/vc_row]<\/p>\n","protected":false},"excerpt":{"rendered":"<p>[vc_row][vc_column][vc_empty_space height=&#8221;80px&#8221;][\/vc_column][\/vc_row][vc_row][vc_column][\/vc_column][\/vc_row][vc_row][vc_column][vc_empty_space height=&#8221;60px&#8221;][\/vc_column][\/vc_row][vc_row][vc_column width=&#8221;1\/3&#8243;][\/vc_column][vc_column width=&#8221;1\/3&#8243;][\/vc_column][vc_column width=&#8221;1\/3&#8243;][\/vc_column][\/vc_row][vc_row][vc_column][vc_empty_space height=&#8221;80px&#8221;][\/vc_column][vc_column][vc_empty_space height=&#8221;20px&#8221;][\/vc_column][\/vc_row][vc_row full_width=&#8221;stretch_row&#8221; css=&#8221;.vc_custom_1539342881442{padding-top: 120px !important;padding-bottom: 100px !important;background-image: url(https:\/\/www.pzujurukovski.mk\/wp-content\/uploads\/2018\/10\/pogovorki-3.jpg?id=9490) !important;background-position: 0 0 !important;background-repeat: no-repeat !important;}&#8221;][vc_column width=&#8221;1\/2&#8243; el_class=&#8221;pregnancy-appointment-form&#8221; css=&#8221;.vc_custom_1464241291749{padding-right: 115px !important;}&#8221;][vc_empty_space height=&#8221;20px&#8221;][vc_empty_space height=&#8221;20px&#8221;][\/vc_column][vc_column width=&#8221;1\/2&#8243;][vc_empty_space height=&#8221;20px&#8221;][vc_empty_space height=&#8221;20px&#8221;][vc_empty_space height=&#8221;20px&#8221;][\/vc_column][\/vc_row][vc_row][vc_column][vc_empty_space height=&#8221;100px&#8221;][vc_empty_space height=&#8221;100px&#8221;][\/vc_column][vc_column width=&#8221;1\/3&#8243;][vc_single_image image=&#8221;9302&#8243; img_size=&#8221;300&#215;300&#8243; alignment=&#8221;center&#8221; style=&#8221;vc_box_outline_circle_2&#8243; border_color=&#8221;purple&#8221; onclick=&#8221;link_image&#8221; css_animation=&#8221;fadeInUp&#8221;][\/vc_column][vc_column width=&#8221;1\/3&#8243;][vc_single_image image=&#8221;9296&#8243; img_size=&#8221;300&#215;300&#8243; alignment=&#8221;center&#8221; style=&#8221;vc_box_outline_circle_2&#8243; border_color=&#8221;purple&#8221; onclick=&#8221;link_image&#8221; css_animation=&#8221;fadeInUp&#8221;][\/vc_column][vc_column width=&#8221;1\/3&#8243;][vc_single_image image=&#8221;9306&#8243; img_size=&#8221;300&#215;300&#8243; alignment=&#8221;center&#8221; style=&#8221;vc_box_outline_circle_2&#8243; [&hellip;]<\/p>\n","protected":false},"author":1,"featured_media":0,"parent":0,"menu_order":0,"comment_status":"closed","ping_status":"closed","template":"","meta":[],"_links":{"self":[{"href":"https:\/\/www.pzujurukovski.mk\/sq\/wp-json\/wp\/v2\/pages\/9606"}],"collection":[{"href":"https:\/\/www.pzujurukovski.mk\/sq\/wp-json\/wp\/v2\/pages"}],"about":[{"href":"https:\/\/www.pzujurukovski.mk\/sq\/wp-json\/wp\/v2\/types\/page"}],"author":[{"embeddable":true,"href":"https:\/\/www.pzujurukovski.mk\/sq\/wp-json\/wp\/v2\/users\/1"}],"replies":[{"embeddable":true,"href":"https:\/\/www.pzujurukovski.mk\/sq\/wp-json\/wp\/v2\/comments?post=9606"}],"version-history":[{"count":15,"href":"https:\/\/www.pzujurukovski.mk\/sq\/wp-json\/wp\/v2\/pages\/9606\/revisions"}],"predecessor-version":[{"id":10024,"href":"https:\/\/www.pzujurukovski.mk\/sq\/wp-json\/wp\/v2\/pages\/9606\/revisions\/10024"}],"wp:attachment":[{"href":"https:\/\/www.pzujurukovski.mk\/sq\/wp-json\/wp\/v2\/media?parent=9606"}],"curies":[{"name":"wp","href":"https:\/\/api.w.org\/{rel}","templated":true}]}}